{"id":1183,"date":"2023-09-13T09:44:05","date_gmt":"2023-09-13T09:44:05","guid":{"rendered":"http:\/\/kroexpert.pl\/?page_id=1183"},"modified":"2023-11-21T11:21:19","modified_gmt":"2023-11-21T11:21:19","slug":"szwalnia","status":"publish","type":"page","link":"https:\/\/kroexpert.pl\/en\/szwalnia\/","title":{"rendered":"Sewing room"},"content":{"rendered":"<div data-elementor-type=\"wp-page\" data-elementor-id=\"1183\" class=\"elementor elementor-1183\">\n\t\t\t\t\t\t\t<div class=\"elementor-element elementor-element-29d313d e-flex e-con-boxed e-con\" data-id=\"29d313d\" data-element_type=\"container\" data-settings=\"{&quot;shape_divider_top&quot;:&quot;pyramids&quot;,&quot;content_width&quot;:&quot;boxed&quot;}\">\n\t\t\t\t\t<div class=\"e-con-inner\">\n\t\t\t\t<div class=\"elementor-shape elementor-shape-top\" data-negative=\"false\">\n\t\t\t<svg xmlns=\"http:\/\/www.w3.org\/2000\/svg\" viewbox=\"0 0 1000 100\" preserveaspectratio=\"none\">\n\t<path class=\"elementor-shape-fill\" d=\"M761.9,44.1L643.1,27.2L333.8,98L0,3.8V0l1000,0v3.9\"\/>\n<\/svg>\t\t<\/div>\n\t\t<div class=\"elementor-element elementor-element-d9d4f3a e-flex e-con-boxed e-con\" data-id=\"d9d4f3a\" data-element_type=\"container\" data-settings=\"{&quot;content_width&quot;:&quot;boxed&quot;}\">\n\t\t\t\t\t<div class=\"e-con-inner\">\n\t\t\t\t<div class=\"elementor-element elementor-element-52fe8dd elementor-invisible elementor-widget elementor-widget-heading\" data-id=\"52fe8dd\" data-element_type=\"widget\" data-settings=\"{&quot;_animation&quot;:&quot;fadeInLeft&quot;,&quot;_animation_tablet&quot;:&quot;none&quot;}\" data-widget_type=\"heading.default\">\n\t\t\t\t<div class=\"elementor-widget-container\">\n\t\t\t<style>\/*! elementor - v3.15.0 - 02-08-2023 *\/\n.elementor-heading-title{padding:0;margin:0;line-height:1}.elementor-widget-heading .elementor-heading-title[class*=elementor-size-]>a{color:inherit;font-size:inherit;line-height:inherit}.elementor-widget-heading .elementor-heading-title.elementor-size-small{font-size:15px}.elementor-widget-heading .elementor-heading-title.elementor-size-medium{font-size:19px}.elementor-widget-heading .elementor-heading-title.elementor-size-large{font-size:29px}.elementor-widget-heading .elementor-heading-title.elementor-size-xl{font-size:39px}.elementor-widget-heading .elementor-heading-title.elementor-size-xxl{font-size:59px}<\/style><h1 class=\"elementor-heading-title elementor-size-default\">Sewing shop in \u0141\u00f3d\u017a - Quality, Precision and Creativity at your fingertips<\/h1>\t\t<\/div>\n\t\t\t\t<\/div>\n\t\t\t\t<div class=\"elementor-element elementor-element-779bd4d elementor-widget-divider--view-line elementor-invisible elementor-widget elementor-widget-global elementor-global-102 elementor-widget-divider\" data-id=\"779bd4d\" data-element_type=\"widget\" data-settings=\"{&quot;_animation&quot;:&quot;fadeInUp&quot;,&quot;_animation_tablet&quot;:&quot;none&quot;}\" data-widget_type=\"divider.default\">\n\t\t\t\t<div class=\"elementor-widget-container\">\n\t\t\t<style>\/*! elementor - v3.15.0 - 02-08-2023 *\/\n.elementor-widget-divider{--divider-border-style:none;--divider-border-width:1px;--divider-color:#0c0d0e;--divider-icon-size:20px;--divider-element-spacing:10px;--divider-pattern-height:24px;--divider-pattern-size:20px;--divider-pattern-url:none;--divider-pattern-repeat:repeat-x}.elementor-widget-divider .elementor-divider{display:flex}.elementor-widget-divider .elementor-divider__text{font-size:15px;line-height:1;max-width:95%}.elementor-widget-divider .elementor-divider__element{margin:0 var(--divider-element-spacing);flex-shrink:0}.elementor-widget-divider .elementor-icon{font-size:var(--divider-icon-size)}.elementor-widget-divider .elementor-divider-separator{display:flex;margin:0;direction:ltr}.elementor-widget-divider--view-line_icon .elementor-divider-separator,.elementor-widget-divider--view-line_text .elementor-divider-separator{align-items:center}.elementor-widget-divider--view-line_icon .elementor-divider-separator:after,.elementor-widget-divider--view-line_icon .elementor-divider-separator:before,.elementor-widget-divider--view-line_text .elementor-divider-separator:after,.elementor-widget-divider--view-line_text .elementor-divider-separator:before{display:block;content:\"\";border-bottom:0;flex-grow:1;border-top:var(--divider-border-width) var(--divider-border-style) var(--divider-color)}.elementor-widget-divider--element-align-left .elementor-divider .elementor-divider-separator>.elementor-divider__svg:first-of-type{flex-grow:0;flex-shrink:100}.elementor-widget-divider--element-align-left .elementor-divider-separator:before{content:none}.elementor-widget-divider--element-align-left .elementor-divider__element{margin-left:0}.elementor-widget-divider--element-align-right .elementor-divider .elementor-divider-separator>.elementor-divider__svg:last-of-type{flex-grow:0;flex-shrink:100}.elementor-widget-divider--element-align-right .elementor-divider-separator:after{content:none}.elementor-widget-divider--element-align-right .elementor-divider__element{margin-right:0}.elementor-widget-divider:not(.elementor-widget-divider--view-line_text):not(.elementor-widget-divider--view-line_icon) .elementor-divider-separator{border-top:var(--divider-border-width) var(--divider-border-style) var(--divider-color)}.elementor-widget-divider--separator-type-pattern{--divider-border-style:none}.elementor-widget-divider--separator-type-pattern.elementor-widget-divider--view-line .elementor-divider-separator,.elementor-widget-divider--separator-type-pattern:not(.elementor-widget-divider--view-line) .elementor-divider-separator:after,.elementor-widget-divider--separator-type-pattern:not(.elementor-widget-divider--view-line) .elementor-divider-separator:before,.elementor-widget-divider--separator-type-pattern:not([class*=elementor-widget-divider--view]) .elementor-divider-separator{width:100%;min-height:var(--divider-pattern-height);-webkit-mask-size:var(--divider-pattern-size) 100%;mask-size:var(--divider-pattern-size) 100%;-webkit-mask-repeat:var(--divider-pattern-repeat);mask-repeat:var(--divider-pattern-repeat);background-color:var(--divider-color);-webkit-mask-image:var(--divider-pattern-url);mask-image:var(--divider-pattern-url)}.elementor-widget-divider--no-spacing{--divider-pattern-size:auto}.elementor-widget-divider--bg-round{--divider-pattern-repeat:round}.rtl .elementor-widget-divider .elementor-divider__text{direction:rtl}.e-con-inner>.elementor-widget-divider,.e-con>.elementor-widget-divider{width:var(--container-widget-width,100%);--flex-grow:var(--container-widget-flex-grow)}<\/style>\t\t<div class=\"elementor-divider\">\n\t\t\t<span class=\"elementor-divider-separator\">\n\t\t\t\t\t\t<\/span>\n\t\t<\/div>\n\t\t\t\t<\/div>\n\t\t\t\t<\/div>\n\t\t\t\t\t<\/div>\n\t\t\t\t<\/div>\n\t\t\t\t<div class=\"elementor-element elementor-element-a583e91 elementor-widget elementor-widget-text-editor\" data-id=\"a583e91\" data-element_type=\"widget\" data-widget_type=\"text-editor.default\">\n\t\t\t\t<div class=\"elementor-widget-container\">\n\t\t\t<style>\/*! elementor - v3.15.0 - 02-08-2023 *\/\n.elementor-widget-text-editor.elementor-drop-cap-view-stacked .elementor-drop-cap{background-color:#69727d;color:#fff}.elementor-widget-text-editor.elementor-drop-cap-view-framed .elementor-drop-cap{color:#69727d;border:3px solid;background-color:transparent}.elementor-widget-text-editor:not(.elementor-drop-cap-view-default) .elementor-drop-cap{margin-top:8px}.elementor-widget-text-editor:not(.elementor-drop-cap-view-default) .elementor-drop-cap-letter{width:1em;height:1em}.elementor-widget-text-editor .elementor-drop-cap{float:left;text-align:center;line-height:1;font-size:50px}.elementor-widget-text-editor .elementor-drop-cap-letter{display:inline-block}<\/style>\t\t\t\t<p>In the heart of \u0141\u00f3d\u017a, a city with a great tradition of tailoring, our passion and company - Kroexpert - were born. For over 10 years, we have wanted to provide our customers with unique textile products of unique style and the highest quality. <strong>Our sewing room with modern machinery<\/strong> is a place where creativity combines with craftsmanship, creating unique works of art in the form of clothing and textile products.<img loading=\"lazy\" decoding=\"async\" class=\"alignright wp-image-1707 size-large\" src=\"http:\/\/kroexpert.pl\/wp-content\/uploads\/2023\/10\/maszyna-do-szycia-i-bialej-nici-z-bliska-1024x684.jpg\" alt=\"\" width=\"800\" height=\"534\" srcset=\"https:\/\/kroexpert.pl\/wp-content\/uploads\/2023\/10\/maszyna-do-szycia-i-bialej-nici-z-bliska-1024x684.jpg 1024w, https:\/\/kroexpert.pl\/wp-content\/uploads\/2023\/10\/maszyna-do-szycia-i-bialej-nici-z-bliska-300x200.jpg 300w, https:\/\/kroexpert.pl\/wp-content\/uploads\/2023\/10\/maszyna-do-szycia-i-bialej-nici-z-bliska-768x513.jpg 768w, https:\/\/kroexpert.pl\/wp-content\/uploads\/2023\/10\/maszyna-do-szycia-i-bialej-nici-z-bliska-1536x1025.jpg 1536w, https:\/\/kroexpert.pl\/wp-content\/uploads\/2023\/10\/maszyna-do-szycia-i-bialej-nici-z-bliska-18x12.jpg 18w, https:\/\/kroexpert.pl\/wp-content\/uploads\/2023\/10\/maszyna-do-szycia-i-bialej-nici-z-bliska.jpg 2000w\" sizes=\"auto, (max-width: 800px) 100vw, 800px\" \/><\/p>\n<p>At Kroexpert, we choose specialization because we know that this is where the secret of perfection lies. Our main field is <strong>knitwear and light women's clothing.<\/strong>Creating clothing that not only meets expectations, but also makes available, is our passion and goal. We mainly focus on sewing clothes:<\/p>\n<ul>\n<li>casual: i.e. t-shirts, dresses, blouses, tunics, knitted pajamas<\/li>\n<li>streetwear: i.e. sweatshirts, trousers and other clothing items made of tracksuit fabrics<\/li>\n<li>from sweater knits, i.e. cardigans, blouses and sweater dresses<\/li>\n<\/ul>\n<p>Our offer also expands to include the production of decorative articles that add character to your interior. We will sew towels, blankets, decorative pillows and many other textile decorations. Thanks to our creative approach, each product becomes a unique design element, adding unique charm to your home.&nbsp;<\/p>\t\t\t\t\t\t<\/div>\n\t\t\t\t<\/div>\n\t\t\t\t\t<\/div>\n\t\t\t\t<\/div>\n\t\t<div class=\"elementor-element elementor-element-e22c562 e-flex e-con-boxed e-con\" data-id=\"e22c562\" data-element_type=\"container\" data-settings=\"{&quot;content_width&quot;:&quot;boxed&quot;}\">\n\t\t\t\t\t<div class=\"e-con-inner\">\n\t\t<div class=\"elementor-element elementor-element-aa8413b e-flex e-con-boxed e-con\" data-id=\"aa8413b\" data-element_type=\"container\" data-settings=\"{&quot;content_width&quot;:&quot;boxed&quot;}\">\n\t\t\t\t\t<div class=\"e-con-inner\">\n\t\t<div class=\"elementor-element elementor-element-df18c8d e-con-full e-flex elementor-invisible e-con\" data-id=\"df18c8d\" data-element_type=\"container\" data-settings=\"{&quot;content_width&quot;:&quot;full&quot;,&quot;animation&quot;:&quot;fadeInLeft&quot;}\">\n\t\t\t\t<div class=\"elementor-element elementor-element-683e702 elementor-widget elementor-widget-heading\" data-id=\"683e702\" data-element_type=\"widget\" data-widget_type=\"heading.default\">\n\t\t\t\t<div class=\"elementor-widget-container\">\n\t\t\t<h2 class=\"elementor-heading-title elementor-size-default\">12 seamstresses<\/h2>\t\t<\/div>\n\t\t\t\t<\/div>\n\t\t\t\t<div class=\"elementor-element elementor-element-52daf07 elementor-widget-divider--view-line elementor-invisible elementor-widget elementor-widget-global elementor-global-102 elementor-widget-divider\" data-id=\"52daf07\" data-element_type=\"widget\" data-settings=\"{&quot;_animation&quot;:&quot;fadeInUp&quot;,&quot;_animation_tablet&quot;:&quot;none&quot;}\" data-widget_type=\"divider.default\">\n\t\t\t\t<div class=\"elementor-widget-container\">\n\t\t\t\t\t<div class=\"elementor-divider\">\n\t\t\t<span class=\"elementor-divider-separator\">\n\t\t\t\t\t\t<\/span>\n\t\t<\/div>\n\t\t\t\t<\/div>\n\t\t\t\t<\/div>\n\t\t\t\t<div class=\"elementor-element elementor-element-2e06b02 elementor-widget elementor-widget-text-editor\" data-id=\"2e06b02\" data-element_type=\"widget\" data-widget_type=\"text-editor.default\">\n\t\t\t\t<div class=\"elementor-widget-container\">\n\t\t\t\t\t\t\t<p>Despite the special value we choose, we select employees competitively, which is why our seamstresses are fit for practical use. We do not accept commissions, so if you are interested in cooperation, call or send us a message and we will answer your question about its implementation after seeing your project.<\/p>\t\t\t\t\t\t<\/div>\n\t\t\t\t<\/div>\n\t\t\t\t<\/div>\n\t\t<div class=\"elementor-element elementor-element-a3bb9f0 e-con-full e-flex elementor-invisible e-con\" data-id=\"a3bb9f0\" data-element_type=\"container\" data-settings=\"{&quot;content_width&quot;:&quot;full&quot;,&quot;animation&quot;:&quot;fadeInRight&quot;,&quot;animation_delay&quot;:400}\">\n\t\t\t\t<div class=\"elementor-element elementor-element-3104927 elementor-widget elementor-widget-heading\" data-id=\"3104927\" data-element_type=\"widget\" data-widget_type=\"heading.default\">\n\t\t\t\t<div class=\"elementor-widget-container\">\n\t\t\t<h2 class=\"elementor-heading-title elementor-size-default\">Foreign client<\/h2>\t\t<\/div>\n\t\t\t\t<\/div>\n\t\t\t\t<div class=\"elementor-element elementor-element-62ecbef elementor-widget-divider--view-line elementor-invisible elementor-widget elementor-widget-global elementor-global-102 elementor-widget-divider\" data-id=\"62ecbef\" data-element_type=\"widget\" data-settings=\"{&quot;_animation&quot;:&quot;fadeInUp&quot;,&quot;_animation_tablet&quot;:&quot;none&quot;}\" data-widget_type=\"divider.default\">\n\t\t\t\t<div class=\"elementor-widget-container\">\n\t\t\t\t\t<div class=\"elementor-divider\">\n\t\t\t<span class=\"elementor-divider-separator\">\n\t\t\t\t\t\t<\/span>\n\t\t<\/div>\n\t\t\t\t<\/div>\n\t\t\t\t<\/div>\n\t\t\t\t<div class=\"elementor-element elementor-element-f1e1652 elementor-widget elementor-widget-text-editor\" data-id=\"f1e1652\" data-element_type=\"widget\" data-widget_type=\"text-editor.default\">\n\t\t\t\t<div class=\"elementor-widget-container\">\n\t\t\t\t\t\t\t<p>As a tailoring company based in \u0141\u00f3d\u017a, our offer reaches not only customers in Poland, but also to foreign markets, including Great Britain and Germany. There are no geographical boundaries for our passion. Thanks to our commitment and tailoring skills, we are ready to meet the expectations of customers from all over the world.<\/p>\t\t\t\t\t\t<\/div>\n\t\t\t\t<\/div>\n\t\t\t\t<\/div>\n\t\t\t\t\t<\/div>\n\t\t\t\t<\/div>\n\t\t\t\t\t<\/div>\n\t\t\t\t<\/div>\n\t\t<div class=\"elementor-element elementor-element-12b2ec2 e-flex e-con-boxed elementor-invisible e-con\" data-id=\"12b2ec2\" data-element_type=\"container\" data-settings=\"{&quot;animation&quot;:&quot;fadeInUp&quot;,&quot;animation_delay&quot;:400,&quot;content_width&quot;:&quot;boxed&quot;}\">\n\t\t\t\t\t<div class=\"e-con-inner\">\n\t\t<div class=\"elementor-element elementor-element-d5f3329 e-transform e-flex e-con-boxed e-con\" data-id=\"d5f3329\" data-element_type=\"container\" data-settings=\"{&quot;background_background&quot;:&quot;gradient&quot;,&quot;_transform_skewX_effect&quot;:{&quot;unit&quot;:&quot;px&quot;,&quot;size&quot;:-10,&quot;sizes&quot;:[]},&quot;content_width&quot;:&quot;boxed&quot;,&quot;_transform_skewX_effect_tablet&quot;:{&quot;unit&quot;:&quot;deg&quot;,&quot;size&quot;:&quot;&quot;,&quot;sizes&quot;:[]},&quot;_transform_skewX_effect_mobile&quot;:{&quot;unit&quot;:&quot;deg&quot;,&quot;size&quot;:&quot;&quot;,&quot;sizes&quot;:[]},&quot;_transform_skewY_effect&quot;:{&quot;unit&quot;:&quot;px&quot;,&quot;size&quot;:&quot;&quot;,&quot;sizes&quot;:[]},&quot;_transform_skewY_effect_tablet&quot;:{&quot;unit&quot;:&quot;deg&quot;,&quot;size&quot;:&quot;&quot;,&quot;sizes&quot;:[]},&quot;_transform_skewY_effect_mobile&quot;:{&quot;unit&quot;:&quot;deg&quot;,&quot;size&quot;:&quot;&quot;,&quot;sizes&quot;:[]}}\">\n\t\t\t\t\t<div class=\"e-con-inner\">\n\t\t\t\t<div class=\"elementor-element elementor-element-26a65c1 elementor-widget elementor-widget-text-editor\" data-id=\"26a65c1\" data-element_type=\"widget\" data-widget_type=\"text-editor.default\">\n\t\t\t\t<div class=\"elementor-widget-container\">\n\t\t\t\t\t\t\t<p>If you have any questions, need advice or have special orders, please contact us. We will be happy to advise you and manage the production of your clothing and decorative products.<\/p>\t\t\t\t\t\t<\/div>\n\t\t\t\t<\/div>\n\t\t\t\t\t<\/div>\n\t\t\t\t<\/div>\n\t\t\t\t\t<\/div>\n\t\t\t\t<\/div>\n\t\t<div class=\"elementor-element elementor-element-2fed6bd e-flex e-con-boxed e-con\" data-id=\"2fed6bd\" data-element_type=\"container\" data-settings=\"{&quot;content_width&quot;:&quot;boxed&quot;}\">\n\t\t\t\t\t<div class=\"e-con-inner\">\n\t\t<div class=\"elementor-element elementor-element-3a15a6b elementor-hidden-desktop e-flex e-con-boxed e-con\" data-id=\"3a15a6b\" data-element_type=\"container\" data-settings=\"{&quot;background_background&quot;:&quot;classic&quot;,&quot;shape_divider_bottom&quot;:&quot;opacity-tilt&quot;,&quot;shape_divider_top&quot;:&quot;opacity-tilt&quot;,&quot;content_width&quot;:&quot;boxed&quot;}\">\n\t\t\t\t\t<div class=\"e-con-inner\">\n\t\t\t\t<div class=\"elementor-shape elementor-shape-top\" data-negative=\"false\">\n\t\t\t<svg xmlns=\"http:\/\/www.w3.org\/2000\/svg\" viewbox=\"0 0 2600 131.1\" preserveaspectratio=\"none\">\n\t<path class=\"elementor-shape-fill\" d=\"M0 0L2600 0 2600 69.1 0 0z\"\/>\n\t<path class=\"elementor-shape-fill\" style=\"opacity:0.5\" d=\"M0 0L2600 0 2600 69.1 0 69.1z\"\/>\n\t<path class=\"elementor-shape-fill\" style=\"opacity:0.25\" d=\"M2600 0L0 0 0 130.1 2600 69.1z\"\/>\n<\/svg>\t\t<\/div>\n\t\t\t\t<div class=\"elementor-shape elementor-shape-bottom\" data-negative=\"false\">\n\t\t\t<svg xmlns=\"http:\/\/www.w3.org\/2000\/svg\" viewbox=\"0 0 2600 131.1\" preserveaspectratio=\"none\">\n\t<path class=\"elementor-shape-fill\" d=\"M0 0L2600 0 2600 69.1 0 0z\"\/>\n\t<path class=\"elementor-shape-fill\" style=\"opacity:0.5\" d=\"M0 0L2600 0 2600 69.1 0 69.1z\"\/>\n\t<path class=\"elementor-shape-fill\" style=\"opacity:0.25\" d=\"M2600 0L0 0 0 130.1 2600 69.1z\"\/>\n<\/svg>\t\t<\/div>\n\t\t\t\t\t<\/div>\n\t\t\t\t<\/div>\n\t\t<div class=\"elementor-element elementor-element-98d4c9e e-flex e-con-boxed e-con\" data-id=\"98d4c9e\" data-element_type=\"container\" data-settings=\"{&quot;content_width&quot;:&quot;boxed&quot;}\">\n\t\t\t\t\t<div class=\"e-con-inner\">\n\t\t\t\t<div class=\"elementor-element elementor-element-7933d09 elementor-invisible elementor-widget elementor-widget-global elementor-global-1516 elementor-widget-ucaddon_diagonal_hero\" data-id=\"7933d09\" data-element_type=\"widget\" data-settings=\"{&quot;_animation&quot;:&quot;fadeInUp&quot;,&quot;_animation_tablet&quot;:&quot;none&quot;}\" data-widget_type=\"ucaddon_diagonal_hero.default\">\n\t\t\t\t<div class=\"elementor-widget-container\">\n\t\t\t<!-- start Diagonal Hero -->\n\t\t<link id='uc_ac_assets_file_uc_fashion_header_css_4046-css' href='https:\/\/kroexpert.pl\/wp-content\/uploads\/ac_assets\/uc_fashion_header\/uc_fashion_header.css' type='text\/css' rel='stylesheet' >\n\t\t<link id='uc_fonts_googleapis_com_css_family_alegreya_400_900italic_900_700italic_700_400italic-css' href='https:\/\/fonts.googleapis.com\/css?family=Alegreya:400,900italic,900,700italic,700,400italic' type='text\/css' rel='stylesheet' >\n\t\t<link id='uc_fonts_googleapis_com_css_family_roboto_400_100_100italic_300italic_400italic_500_500italic_700_700italic_900_900italic-css' href='https:\/\/fonts.googleapis.com\/css?family=Roboto:400,100,100italic,300italic,400italic,500,500italic,700,700italic,900,900italic' type='text\/css' rel='stylesheet' >\n\n\t\t\t<style type=\"text\/css\">\/* widget: Diagonal Hero *\/\n\n#uc_diagonal_hero_elementor_7933d09\n{\n  display:flex;\n}\n\n#uc_diagonal_hero_elementor_7933d09 .ue-image\n{\n  background-image:url(https:\/\/kroexpert.pl\/wp-content\/uploads\/2023\/09\/meska-reka-trzyma-telefon.jpg);\n  background-size:cover;\n  flex-shrink:0;\n  flex-grow:0;\n  position:relative;\n  overflow:hidden;\n}\n\n#uc_diagonal_hero_elementor_7933d09 .ue-image-overlay\n{\n  position:absolute;\n  top:0;\n  left:0;\n  right:0;\n  bottom:0;\n  height:100%;\n  width:100%;\n}\n\n\n#uc_diagonal_hero_elementor_7933d09 .ue-content\n{\n  display:flex;\n  align-items:center;\n  justify-content:center;\n  flex-grow:1;\n}\n\n#uc_diagonal_hero_elementor_7933d09 .ue-content > div\n{\n  width:100%;\n}\n.ue-title\n{\n  font-size:52px;\n}\n\n#uc_diagonal_hero_elementor_7933d09 .ue-btn-wrap\n{\n  width:100%;\n}\n#uc_diagonal_hero_elementor_7933d09 .ue-btn\n{\n  transition:0.3s;\n  text-decoration:none;\n  text-align:center;\n}\n\n#uc_diagonal_hero_elementor_7933d09 .ue-separator\n{\n  display:inline-block;\n}\n\n<\/style>\n\n\t\t\t<div id=\"uc_diagonal_hero_elementor_7933d09\" class=\"diagonal_hero\">\n  <div class=\"ue-content\">\n    <div>\n      <div class=\"ue-template\"><\/div>\n      <div class=\"ue-title\">Are you interested in our offer?<\/div>\n      \n      <div class=\"ue-separator-wrapper\">\n        <div class=\"ue-separator\"><\/div>\n      <\/div>\n      \n      <div class=\"ue-sub-title\">Contact us! We will be happy to advise you and answer any questions you may have.<\/div>\n      \n      <div class=\"ue-btn-wrap\"><a  class=\"ue-btn elementor-animation-skew-forward\" href=\"https:\/\/kroexpert.pl\/en\/kontakt\/\" >Contact<\/a><\/div>\n      \n      <div class=\"ue-template\"><\/div>\n    <\/div>\n  <\/div>\n  <div class=\"ue-image\">\n    \n\t\n\n  \t\t  \n  <\/div>\n  \n<\/div>\n\t\t\t<!-- end Diagonal Hero -->\t\t<\/div>\n\t\t\t\t<\/div>\n\t\t\t\t\t<\/div>\n\t\t\t\t<\/div>\n\t\t\t\t\t<\/div>\n\t\t\t\t<\/div>\n\t\t\t\t\t\t\t<\/div>","protected":false},"excerpt":{"rendered":"<p>Szwalnia w \u0141odzi &#8211; Jako\u015b\u0107, Precyzja i Kreatywno\u015b\u0107 na Wyci\u0105gni\u0119cie R\u0119ki W sercu \u0141odzi, mie\u015bcie z wielk\u0105 tradycj\u0105 krawiectwa, narodzi\u0142a si\u0119 nasza pasja i firma &#8211; Kroexpert. Od ponad 10 lat pragniemy dostarcza\u0107 naszym klientom wyj\u0105tkowe produkty tekstylne o niepowtarzalnym stylu i najwy\u017cszej jako\u015bci. Nasza szwalnia z nowoczesnym parkiem maszynowym to miejsce, w kt\u00f3rym kreatywno\u015b\u0107 [&hellip;]<\/p>","protected":false},"author":1,"featured_media":0,"parent":0,"menu_order":0,"comment_status":"closed","ping_status":"closed","template":"","meta":{"footnotes":""},"class_list":["post-1183","page","type-page","status-publish","hentry"],"_links":{"self":[{"href":"https:\/\/kroexpert.pl\/en\/wp-json\/wp\/v2\/pages\/1183","targetHints":{"allow":["GET"]}}],"collection":[{"href":"https:\/\/kroexpert.pl\/en\/wp-json\/wp\/v2\/pages"}],"about":[{"href":"https:\/\/kroexpert.pl\/en\/wp-json\/wp\/v2\/types\/page"}],"author":[{"embeddable":true,"href":"https:\/\/kroexpert.pl\/en\/wp-json\/wp\/v2\/users\/1"}],"replies":[{"embeddable":true,"href":"https:\/\/kroexpert.pl\/en\/wp-json\/wp\/v2\/comments?post=1183"}],"version-history":[{"count":79,"href":"https:\/\/kroexpert.pl\/en\/wp-json\/wp\/v2\/pages\/1183\/revisions"}],"predecessor-version":[{"id":1907,"href":"https:\/\/kroexpert.pl\/en\/wp-json\/wp\/v2\/pages\/1183\/revisions\/1907"}],"wp:attachment":[{"href":"https:\/\/kroexpert.pl\/en\/wp-json\/wp\/v2\/media?parent=1183"}],"curies":[{"name":"wp","href":"https:\/\/api.w.org\/{rel}","templated":true}]}}